{"id":17,"date":"2023-07-31T10:20:37","date_gmt":"2023-07-31T10:20:37","guid":{"rendered":"https:\/\/urdulizkokatuenlagunak.es\/?page_id=17"},"modified":"2023-08-14T09:59:12","modified_gmt":"2023-08-14T09:59:12","slug":"contacto","status":"publish","type":"page","link":"https:\/\/urdulizkokatuenlagunak.es\/index.php\/contacto\/","title":{"rendered":"Contacto"},"content":{"rendered":"\n<p class=\"has-text-align-left has-large-font-size\"><strong>Email: urdulizkokatuenlagunak@gmail.com <\/strong><\/p>\n\n\n\n<p class=\"has-white-background-color has-background has-extra-large-font-size\">Tel\u00e9fono de contacto <strong>s\u00f3lo para adopciones:<\/strong> 618 387 678 (Diana)<\/p>\n\n\n\n<p class=\"has-white-background-color has-background has-extra-large-font-size\">Tel\u00e9fono de contacto <strong>para otras gestiones relacionadas con los gatos de Urduliz<\/strong>: 611 205 986 (Vanessa) <\/p>\n\n\n\n<div class=\"wp-block-contact-form-7-contact-form-selector\">\n<div class=\"wpcf7 no-js\" id=\"wpcf7-f40-o1\" lang=\"es-ES\" dir=\"ltr\">\n<div class=\"screen-reader-response\"><p role=\"status\" aria-live=\"polite\" aria-atomic=\"true\"><\/p> <ul><\/ul><\/div>\n<form action=\"\/index.php\/wp-json\/wp\/v2\/pages\/17#wpcf7-f40-o1\" method=\"post\" class=\"wpcf7-form init\" aria-label=\"Formulario de contacto\" novalidate=\"novalidate\" data-status=\"init\">\n<div style=\"display: none;\">\n<input type=\"hidden\" name=\"_wpcf7\" value=\"40\" \/>\n<input type=\"hidden\" name=\"_wpcf7_version\" value=\"5.7.7\" \/>\n<input type=\"hidden\" name=\"_wpcf7_locale\" value=\"es_ES\" \/>\n<input type=\"hidden\" name=\"_wpcf7_unit_tag\" value=\"wpcf7-f40-o1\" \/>\n<input type=\"hidden\" name=\"_wpcf7_container_post\" value=\"0\" \/>\n<input type=\"hidden\" name=\"_wpcf7_posted_data_hash\" value=\"\" \/>\n<\/div>\n<p><label> Tu nombre<br \/>\n<span class=\"wpcf7-form-control-wrap\" data-name=\"your-name\"><input size=\"40\" class=\"wpcf7-form-control wpcf7-text wpcf7-validates-as-required\" autocomplete=\"name\" aria-required=\"true\" aria-invalid=\"false\" value=\"\" type=\"text\" name=\"your-name\" \/><\/span> <\/label>\n<\/p>\n<p><label> Tu correo electr\u00f3nico<br \/>\n<span class=\"wpcf7-form-control-wrap\" data-name=\"your-email\"><input size=\"40\" class=\"wpcf7-form-control wpcf7-text wpcf7-email wpcf7-validates-as-required wpcf7-validates-as-email\" autocomplete=\"email\" aria-required=\"true\" aria-invalid=\"false\" value=\"\" type=\"email\" name=\"your-email\" \/><\/span> <\/label>\n<\/p>\n<p><label> Asunto<br \/>\n<span class=\"wpcf7-form-control-wrap\" data-name=\"your-subject\"><input size=\"40\" class=\"wpcf7-form-control wpcf7-text wpcf7-validates-as-required\" aria-required=\"true\" aria-invalid=\"false\" value=\"\" type=\"text\" name=\"your-subject\" \/><\/span> <\/label>\n<\/p>\n<p><label> Tu mensaje (opcional)<br \/>\n<span class=\"wpcf7-form-control-wrap\" data-name=\"your-message\"><textarea cols=\"40\" rows=\"10\" class=\"wpcf7-form-control wpcf7-textarea\" aria-invalid=\"false\" name=\"your-message\"><\/textarea><\/span> <\/label>\n<\/p>\n<p><input class=\"wpcf7-form-control has-spinner wpcf7-submit\" type=\"submit\" value=\"Enviar\" \/>\n<\/p><div class=\"wpcf7-response-output\" aria-hidden=\"true\"><\/div>\n<\/form>\n<\/div>\n<\/div>\n","protected":false},"excerpt":{"rendered":"<p>Email: urdulizkokatuenlagunak@gmail.com Tel\u00e9fono de contacto s\u00f3lo para adopciones: 618 387 678 (Diana) Tel\u00e9fono de contacto para otras gestiones relacionadas con los gatos de Urduliz: 611 205 986 (Vanessa)<\/p>\n","protected":false},"author":1,"featured_media":0,"parent":0,"menu_order":0,"comment_status":"closed","ping_status":"closed","template":"","meta":{"_joinchat":[]},"yoast_head":"<!-- This site is optimized with the Yoast SEO plugin v20.12 - https:\/\/yoast.com\/wordpress\/plugins\/seo\/ -->\n<title>Contacto - Urdulizko Katuen Lagunak<\/title>\n<meta name=\"robots\" content=\"index, follow, max-snippet:-1, max-image-preview:large, max-video-preview:-1\" \/>\n<link rel=\"canonical\" href=\"https:\/\/urdulizkokatuenlagunak.es\/index.php\/contacto\/\" \/>\n<meta property=\"og:locale\" content=\"es_ES\" \/>\n<meta property=\"og:type\" content=\"article\" \/>\n<meta property=\"og:title\" content=\"Contacto - Urdulizko Katuen Lagunak\" \/>\n<meta property=\"og:description\" content=\"Email: urdulizkokatuenlagunak@gmail.com Tel\u00e9fono de contacto s\u00f3lo para adopciones: 618 387 678 (Diana) Tel\u00e9fono de contacto para otras gestiones relacionadas con los gatos de Urduliz: 611 205 986 (Vanessa)\" \/>\n<meta property=\"og:url\" content=\"https:\/\/urdulizkokatuenlagunak.es\/index.php\/contacto\/\" \/>\n<meta property=\"og:site_name\" content=\"Urdulizko Katuen Lagunak\" \/>\n<meta property=\"article:publisher\" content=\"https:\/\/www.facebook.com\/AsociacionUrdulizkoKatuenLagunak\/\" \/>\n<meta property=\"article:modified_time\" content=\"2023-08-14T09:59:12+00:00\" \/>\n<meta property=\"og:image\" content=\"https:\/\/urdulizkokatuenlagunak.es\/wp-content\/uploads\/2023\/08\/Foto-donativos-1-scaled.jpg\" \/>\n\t<meta property=\"og:image:width\" content=\"2560\" \/>\n\t<meta property=\"og:image:height\" content=\"1416\" \/>\n\t<meta property=\"og:image:type\" content=\"image\/jpeg\" \/>\n<meta name=\"twitter:card\" content=\"summary_large_image\" \/>\n<meta name=\"twitter:label1\" content=\"Tiempo de lectura\" \/>\n\t<meta name=\"twitter:data1\" content=\"1 minuto\" \/>\n<script type=\"application\/ld+json\" class=\"yoast-schema-graph\">{\"@context\":\"https:\/\/schema.org\",\"@graph\":[{\"@type\":\"WebPage\",\"@id\":\"https:\/\/urdulizkokatuenlagunak.es\/index.php\/contacto\/\",\"url\":\"https:\/\/urdulizkokatuenlagunak.es\/index.php\/contacto\/\",\"name\":\"Contacto - Urdulizko Katuen Lagunak\",\"isPartOf\":{\"@id\":\"https:\/\/urdulizkokatuenlagunak.es\/#website\"},\"datePublished\":\"2023-07-31T10:20:37+00:00\",\"dateModified\":\"2023-08-14T09:59:12+00:00\",\"breadcrumb\":{\"@id\":\"https:\/\/urdulizkokatuenlagunak.es\/index.php\/contacto\/#breadcrumb\"},\"inLanguage\":\"es\",\"potentialAction\":[{\"@type\":\"ReadAction\",\"target\":[\"https:\/\/urdulizkokatuenlagunak.es\/index.php\/contacto\/\"]}]},{\"@type\":\"BreadcrumbList\",\"@id\":\"https:\/\/urdulizkokatuenlagunak.es\/index.php\/contacto\/#breadcrumb\",\"itemListElement\":[{\"@type\":\"ListItem\",\"position\":1,\"name\":\"Portada\",\"item\":\"https:\/\/urdulizkokatuenlagunak.es\/\"},{\"@type\":\"ListItem\",\"position\":2,\"name\":\"Contacto\"}]},{\"@type\":\"WebSite\",\"@id\":\"https:\/\/urdulizkokatuenlagunak.es\/#website\",\"url\":\"https:\/\/urdulizkokatuenlagunak.es\/\",\"name\":\"Urdulizko Katuen Lagunak\",\"description\":\"Ayuda a los gatos de Urduliz\",\"publisher\":{\"@id\":\"https:\/\/urdulizkokatuenlagunak.es\/#organization\"},\"potentialAction\":[{\"@type\":\"SearchAction\",\"target\":{\"@type\":\"EntryPoint\",\"urlTemplate\":\"https:\/\/urdulizkokatuenlagunak.es\/?s={search_term_string}\"},\"query-input\":\"required name=search_term_string\"}],\"inLanguage\":\"es\"},{\"@type\":\"Organization\",\"@id\":\"https:\/\/urdulizkokatuenlagunak.es\/#organization\",\"name\":\"Urdulizko Katuen Lagunak\",\"url\":\"https:\/\/urdulizkokatuenlagunak.es\/\",\"logo\":{\"@type\":\"ImageObject\",\"inLanguage\":\"es\",\"@id\":\"https:\/\/urdulizkokatuenlagunak.es\/#\/schema\/logo\/image\/\",\"url\":\"https:\/\/urdulizkokatuenlagunak.es\/wp-content\/uploads\/2023\/08\/cropped-cropped-LOGO_695.png\",\"contentUrl\":\"https:\/\/urdulizkokatuenlagunak.es\/wp-content\/uploads\/2023\/08\/cropped-cropped-LOGO_695.png\",\"width\":512,\"height\":512,\"caption\":\"Urdulizko Katuen Lagunak\"},\"image\":{\"@id\":\"https:\/\/urdulizkokatuenlagunak.es\/#\/schema\/logo\/image\/\"},\"sameAs\":[\"https:\/\/www.facebook.com\/AsociacionUrdulizkoKatuenLagunak\/\"]}]}<\/script>\n<!-- \/ Yoast SEO plugin. -->","yoast_head_json":{"title":"Contacto - Urdulizko Katuen Lagunak","robots":{"index":"index","follow":"follow","max-snippet":"max-snippet:-1","max-image-preview":"max-image-preview:large","max-video-preview":"max-video-preview:-1"},"canonical":"https:\/\/urdulizkokatuenlagunak.es\/index.php\/contacto\/","og_locale":"es_ES","og_type":"article","og_title":"Contacto - Urdulizko Katuen Lagunak","og_description":"Email: urdulizkokatuenlagunak@gmail.com Tel\u00e9fono de contacto s\u00f3lo para adopciones: 618 387 678 (Diana) Tel\u00e9fono de contacto para otras gestiones relacionadas con los gatos de Urduliz: 611 205 986 (Vanessa)","og_url":"https:\/\/urdulizkokatuenlagunak.es\/index.php\/contacto\/","og_site_name":"Urdulizko Katuen Lagunak","article_publisher":"https:\/\/www.facebook.com\/AsociacionUrdulizkoKatuenLagunak\/","article_modified_time":"2023-08-14T09:59:12+00:00","og_image":[{"width":2560,"height":1416,"url":"https:\/\/urdulizkokatuenlagunak.es\/wp-content\/uploads\/2023\/08\/Foto-donativos-1-scaled.jpg","type":"image\/jpeg"}],"twitter_card":"summary_large_image","twitter_misc":{"Tiempo de lectura":"1 minuto"},"schema":{"@context":"https:\/\/schema.org","@graph":[{"@type":"WebPage","@id":"https:\/\/urdulizkokatuenlagunak.es\/index.php\/contacto\/","url":"https:\/\/urdulizkokatuenlagunak.es\/index.php\/contacto\/","name":"Contacto - Urdulizko Katuen Lagunak","isPartOf":{"@id":"https:\/\/urdulizkokatuenlagunak.es\/#website"},"datePublished":"2023-07-31T10:20:37+00:00","dateModified":"2023-08-14T09:59:12+00:00","breadcrumb":{"@id":"https:\/\/urdulizkokatuenlagunak.es\/index.php\/contacto\/#breadcrumb"},"inLanguage":"es","potentialAction":[{"@type":"ReadAction","target":["https:\/\/urdulizkokatuenlagunak.es\/index.php\/contacto\/"]}]},{"@type":"BreadcrumbList","@id":"https:\/\/urdulizkokatuenlagunak.es\/index.php\/contacto\/#breadcrumb","itemListElement":[{"@type":"ListItem","position":1,"name":"Portada","item":"https:\/\/urdulizkokatuenlagunak.es\/"},{"@type":"ListItem","position":2,"name":"Contacto"}]},{"@type":"WebSite","@id":"https:\/\/urdulizkokatuenlagunak.es\/#website","url":"https:\/\/urdulizkokatuenlagunak.es\/","name":"Urdulizko Katuen Lagunak","description":"Ayuda a los gatos de Urduliz","publisher":{"@id":"https:\/\/urdulizkokatuenlagunak.es\/#organization"},"potentialAction":[{"@type":"SearchAction","target":{"@type":"EntryPoint","urlTemplate":"https:\/\/urdulizkokatuenlagunak.es\/?s={search_term_string}"},"query-input":"required name=search_term_string"}],"inLanguage":"es"},{"@type":"Organization","@id":"https:\/\/urdulizkokatuenlagunak.es\/#organization","name":"Urdulizko Katuen Lagunak","url":"https:\/\/urdulizkokatuenlagunak.es\/","logo":{"@type":"ImageObject","inLanguage":"es","@id":"https:\/\/urdulizkokatuenlagunak.es\/#\/schema\/logo\/image\/","url":"https:\/\/urdulizkokatuenlagunak.es\/wp-content\/uploads\/2023\/08\/cropped-cropped-LOGO_695.png","contentUrl":"https:\/\/urdulizkokatuenlagunak.es\/wp-content\/uploads\/2023\/08\/cropped-cropped-LOGO_695.png","width":512,"height":512,"caption":"Urdulizko Katuen Lagunak"},"image":{"@id":"https:\/\/urdulizkokatuenlagunak.es\/#\/schema\/logo\/image\/"},"sameAs":["https:\/\/www.facebook.com\/AsociacionUrdulizkoKatuenLagunak\/"]}]}},"_links":{"self":[{"href":"https:\/\/urdulizkokatuenlagunak.es\/index.php\/wp-json\/wp\/v2\/pages\/17"}],"collection":[{"href":"https:\/\/urdulizkokatuenlagunak.es\/index.php\/wp-json\/wp\/v2\/pages"}],"about":[{"href":"https:\/\/urdulizkokatuenlagunak.es\/index.php\/wp-json\/wp\/v2\/types\/page"}],"author":[{"embeddable":true,"href":"https:\/\/urdulizkokatuenlagunak.es\/index.php\/wp-json\/wp\/v2\/users\/1"}],"replies":[{"embeddable":true,"href":"https:\/\/urdulizkokatuenlagunak.es\/index.php\/wp-json\/wp\/v2\/comments?post=17"}],"version-history":[{"count":4,"href":"https:\/\/urdulizkokatuenlagunak.es\/index.php\/wp-json\/wp\/v2\/pages\/17\/revisions"}],"predecessor-version":[{"id":65,"href":"https:\/\/urdulizkokatuenlagunak.es\/index.php\/wp-json\/wp\/v2\/pages\/17\/revisions\/65"}],"wp:attachment":[{"href":"https:\/\/urdulizkokatuenlagunak.es\/index.php\/wp-json\/wp\/v2\/media?parent=17"}],"curies":[{"name":"wp","href":"https:\/\/api.w.org\/{rel}","templated":true}]}}