{"id":13,"date":"2023-07-31T10:20:53","date_gmt":"2023-07-31T10:20:53","guid":{"rendered":"https:\/\/urdulizkokatuenlagunak.es\/?page_id=13"},"modified":"2024-03-01T13:02:11","modified_gmt":"2024-03-01T13:02:11","slug":"donativos","status":"publish","type":"page","link":"https:\/\/urdulizkokatuenlagunak.es\/index.php\/donativos\/","title":{"rendered":"Donativos"},"content":{"rendered":"\n<p class=\"has-text-align-center has-extra-large-font-size\"><strong>\u00a1Necesitamos tu ayuda! <\/strong><\/p>\n\n\n\n<p class=\"has-large-font-size\">La ayuda financiera proveniente de personas como t\u00fa es lo que nos permite continuar salvando vidas. <\/p>\n\n\n\n<p class=\"has-large-font-size\">Ten en mente que, sin importar lo peque\u00f1a que sea, CADA APORTACI\u00d3N CUENTA.<\/p>\n\n\n\n<div class=\"wp-block-group is-vertical is-content-justification-left is-nowrap is-layout-flex wp-container-2\">\n<h3 class=\"wp-block-heading has-black-color has-white-background-color has-text-color has-background\" style=\"text-transform:none\"><strong>Con 6<\/strong> <strong>\u20ac: <\/strong>Vacunamos a un gato<\/h3>\n\n\n\n<h3 class=\"wp-block-heading has-white-background-color has-background\" style=\"text-transform:none\"><strong>Con 35 \u20ac: <\/strong>Alimentamos a toda una familia gatuna durante 1 semana.  <\/h3>\n\n\n\n<h2 class=\"wp-block-heading\">Colabora por Teaming<\/h2>\n\n\n\n<p class=\"has-large-font-size\">Colabora <strong>con solo un 1 Euro al mes <\/strong>mediante <strong>Teaming<\/strong> <a href=\"https:\/\/www.teaming.net\/asociacionurdulizkokatuenlagunak\" target=\"_blank\" rel=\"noreferrer noopener\">haciendo click en este enlace. <\/a><\/p>\n\n\n\n<h2 class=\"wp-block-heading\">COLABORA POR BIZUM<\/h2>\n\n\n\n<p><strong>BIZUM<\/strong>: Selecciona la opci\u00f3n \u00abEnviar dinero\u00bb de Bizum, introduce el c\u00f3digo de Urdulizko Katuen Lagunak <strong>(08517)<\/strong> y elige el importe que deseas donar.<\/p>\n\n\n\n<div class=\"wp-block-buttons is-layout-flex\"><\/div>\n<\/div>\n\n\n\n<figure class=\"wp-block-image size-large is-style-twentytwentyone-image-frame\"><img decoding=\"async\" loading=\"lazy\" width=\"1024\" height=\"1024\" src=\"https:\/\/urdulizkokatuenlagunak.es\/wp-content\/uploads\/2023\/08\/IMG-20230727-WA0082-1-1-1024x1024.jpg\" alt=\"\" class=\"wp-image-51\" srcset=\"https:\/\/urdulizkokatuenlagunak.es\/wp-content\/uploads\/2023\/08\/IMG-20230727-WA0082-1-1-1024x1024.jpg 1024w, https:\/\/urdulizkokatuenlagunak.es\/wp-content\/uploads\/2023\/08\/IMG-20230727-WA0082-1-1-300x300.jpg 300w, https:\/\/urdulizkokatuenlagunak.es\/wp-content\/uploads\/2023\/08\/IMG-20230727-WA0082-1-1-150x150.jpg 150w, https:\/\/urdulizkokatuenlagunak.es\/wp-content\/uploads\/2023\/08\/IMG-20230727-WA0082-1-1-768x768.jpg 768w, https:\/\/urdulizkokatuenlagunak.es\/wp-content\/uploads\/2023\/08\/IMG-20230727-WA0082-1-1.jpg 1080w\" sizes=\"(max-width: 1024px) 100vw, 1024px\" \/><\/figure>\n\n\n<div class=\"wp-block-image\">\n<figure class=\"aligncenter size-full is-resized\"><img decoding=\"async\" loading=\"lazy\" src=\"https:\/\/urdulizkokatuenlagunak.es\/wp-content\/uploads\/2024\/03\/Subvencion-e1709297877267.jpg\" alt=\"\" class=\"wp-image-157\" width=\"336\" height=\"126\" srcset=\"https:\/\/urdulizkokatuenlagunak.es\/wp-content\/uploads\/2024\/03\/Subvencion-e1709297877267.jpg 620w, https:\/\/urdulizkokatuenlagunak.es\/wp-content\/uploads\/2024\/03\/Subvencion-e1709297877267-300x113.jpg 300w\" sizes=\"(max-width: 336px) 100vw, 336px\" \/><\/figure><\/div>","protected":false},"excerpt":{"rendered":"<p>\u00a1Necesitamos tu ayuda! La ayuda financiera proveniente de personas como t\u00fa es lo que nos permite continuar salvando vidas. Ten en mente que, sin importar lo peque\u00f1a que sea, CADA APORTACI\u00d3N CUENTA. Con 6 \u20ac: Vacunamos a un gato Con 35 \u20ac: Alimentamos a toda una familia gatuna durante 1 semana. Colabora por Teaming Colabora&hellip; <a class=\"more-link\" href=\"https:\/\/urdulizkokatuenlagunak.es\/index.php\/donativos\/\">Seguir leyendo <span class=\"screen-reader-text\">Donativos<\/span><\/a><\/p>\n","protected":false},"author":1,"featured_media":48,"parent":0,"menu_order":0,"comment_status":"closed","ping_status":"closed","template":"","meta":{"_joinchat":[]},"yoast_head":"<!-- This site is optimized with the Yoast SEO plugin v20.12 - https:\/\/yoast.com\/wordpress\/plugins\/seo\/ -->\n<title>Donativos - Urdulizko Katuen Lagunak<\/title>\n<meta name=\"description\" content=\"\u00a1Necesitamos tu ayuda! Sin importar lo peque\u00f1a que sea, CADA APORTACI\u00d3N CUENTA.\" \/>\n<meta name=\"robots\" content=\"index, follow, max-snippet:-1, max-image-preview:large, max-video-preview:-1\" \/>\n<link rel=\"canonical\" href=\"https:\/\/urdulizkokatuenlagunak.es\/index.php\/donativos\/\" \/>\n<meta property=\"og:locale\" content=\"es_ES\" \/>\n<meta property=\"og:type\" content=\"article\" \/>\n<meta property=\"og:title\" content=\"Donativos - Urdulizko Katuen Lagunak\" \/>\n<meta property=\"og:description\" content=\"\u00a1Necesitamos tu ayuda! Sin importar lo peque\u00f1a que sea, CADA APORTACI\u00d3N CUENTA.\" \/>\n<meta property=\"og:url\" content=\"https:\/\/urdulizkokatuenlagunak.es\/index.php\/donativos\/\" \/>\n<meta property=\"og:site_name\" content=\"Urdulizko Katuen Lagunak\" \/>\n<meta property=\"article:publisher\" content=\"https:\/\/www.facebook.com\/AsociacionUrdulizkoKatuenLagunak\/\" \/>\n<meta property=\"article:modified_time\" content=\"2024-03-01T13:02:11+00:00\" \/>\n<meta property=\"og:image\" content=\"https:\/\/urdulizkokatuenlagunak.es\/wp-content\/uploads\/2023\/08\/Foto-donativos-1-scaled.jpg\" \/>\n\t<meta property=\"og:image:width\" content=\"2560\" \/>\n\t<meta property=\"og:image:height\" content=\"1416\" \/>\n\t<meta property=\"og:image:type\" content=\"image\/jpeg\" \/>\n<meta name=\"twitter:card\" content=\"summary_large_image\" \/>\n<meta name=\"twitter:label1\" content=\"Tiempo de lectura\" \/>\n\t<meta name=\"twitter:data1\" content=\"1 minuto\" \/>\n<script type=\"application\/ld+json\" class=\"yoast-schema-graph\">{\"@context\":\"https:\/\/schema.org\",\"@graph\":[{\"@type\":\"WebPage\",\"@id\":\"https:\/\/urdulizkokatuenlagunak.es\/index.php\/donativos\/\",\"url\":\"https:\/\/urdulizkokatuenlagunak.es\/index.php\/donativos\/\",\"name\":\"Donativos - Urdulizko Katuen Lagunak\",\"isPartOf\":{\"@id\":\"https:\/\/urdulizkokatuenlagunak.es\/#website\"},\"datePublished\":\"2023-07-31T10:20:53+00:00\",\"dateModified\":\"2024-03-01T13:02:11+00:00\",\"description\":\"\u00a1Necesitamos tu ayuda! Sin importar lo peque\u00f1a que sea, CADA APORTACI\u00d3N CUENTA.\",\"breadcrumb\":{\"@id\":\"https:\/\/urdulizkokatuenlagunak.es\/index.php\/donativos\/#breadcrumb\"},\"inLanguage\":\"es\",\"potentialAction\":[{\"@type\":\"ReadAction\",\"target\":[\"https:\/\/urdulizkokatuenlagunak.es\/index.php\/donativos\/\"]}]},{\"@type\":\"BreadcrumbList\",\"@id\":\"https:\/\/urdulizkokatuenlagunak.es\/index.php\/donativos\/#breadcrumb\",\"itemListElement\":[{\"@type\":\"ListItem\",\"position\":1,\"name\":\"Portada\",\"item\":\"https:\/\/urdulizkokatuenlagunak.es\/\"},{\"@type\":\"ListItem\",\"position\":2,\"name\":\"Donativos\"}]},{\"@type\":\"WebSite\",\"@id\":\"https:\/\/urdulizkokatuenlagunak.es\/#website\",\"url\":\"https:\/\/urdulizkokatuenlagunak.es\/\",\"name\":\"Urdulizko Katuen Lagunak\",\"description\":\"Ayuda a los gatos de Urduliz\",\"publisher\":{\"@id\":\"https:\/\/urdulizkokatuenlagunak.es\/#organization\"},\"potentialAction\":[{\"@type\":\"SearchAction\",\"target\":{\"@type\":\"EntryPoint\",\"urlTemplate\":\"https:\/\/urdulizkokatuenlagunak.es\/?s={search_term_string}\"},\"query-input\":\"required name=search_term_string\"}],\"inLanguage\":\"es\"},{\"@type\":\"Organization\",\"@id\":\"https:\/\/urdulizkokatuenlagunak.es\/#organization\",\"name\":\"Urdulizko Katuen Lagunak\",\"url\":\"https:\/\/urdulizkokatuenlagunak.es\/\",\"logo\":{\"@type\":\"ImageObject\",\"inLanguage\":\"es\",\"@id\":\"https:\/\/urdulizkokatuenlagunak.es\/#\/schema\/logo\/image\/\",\"url\":\"https:\/\/urdulizkokatuenlagunak.es\/wp-content\/uploads\/2023\/08\/cropped-cropped-LOGO_695.png\",\"contentUrl\":\"https:\/\/urdulizkokatuenlagunak.es\/wp-content\/uploads\/2023\/08\/cropped-cropped-LOGO_695.png\",\"width\":512,\"height\":512,\"caption\":\"Urdulizko Katuen Lagunak\"},\"image\":{\"@id\":\"https:\/\/urdulizkokatuenlagunak.es\/#\/schema\/logo\/image\/\"},\"sameAs\":[\"https:\/\/www.facebook.com\/AsociacionUrdulizkoKatuenLagunak\/\"]}]}<\/script>\n<!-- \/ Yoast SEO plugin. -->","yoast_head_json":{"title":"Donativos - Urdulizko Katuen Lagunak","description":"\u00a1Necesitamos tu ayuda! Sin importar lo peque\u00f1a que sea, CADA APORTACI\u00d3N CUENTA.","robots":{"index":"index","follow":"follow","max-snippet":"max-snippet:-1","max-image-preview":"max-image-preview:large","max-video-preview":"max-video-preview:-1"},"canonical":"https:\/\/urdulizkokatuenlagunak.es\/index.php\/donativos\/","og_locale":"es_ES","og_type":"article","og_title":"Donativos - Urdulizko Katuen Lagunak","og_description":"\u00a1Necesitamos tu ayuda! Sin importar lo peque\u00f1a que sea, CADA APORTACI\u00d3N CUENTA.","og_url":"https:\/\/urdulizkokatuenlagunak.es\/index.php\/donativos\/","og_site_name":"Urdulizko Katuen Lagunak","article_publisher":"https:\/\/www.facebook.com\/AsociacionUrdulizkoKatuenLagunak\/","article_modified_time":"2024-03-01T13:02:11+00:00","og_image":[{"width":2560,"height":1416,"url":"https:\/\/urdulizkokatuenlagunak.es\/wp-content\/uploads\/2023\/08\/Foto-donativos-1-scaled.jpg","type":"image\/jpeg"}],"twitter_card":"summary_large_image","twitter_misc":{"Tiempo de lectura":"1 minuto"},"schema":{"@context":"https:\/\/schema.org","@graph":[{"@type":"WebPage","@id":"https:\/\/urdulizkokatuenlagunak.es\/index.php\/donativos\/","url":"https:\/\/urdulizkokatuenlagunak.es\/index.php\/donativos\/","name":"Donativos - Urdulizko Katuen Lagunak","isPartOf":{"@id":"https:\/\/urdulizkokatuenlagunak.es\/#website"},"datePublished":"2023-07-31T10:20:53+00:00","dateModified":"2024-03-01T13:02:11+00:00","description":"\u00a1Necesitamos tu ayuda! Sin importar lo peque\u00f1a que sea, CADA APORTACI\u00d3N CUENTA.","breadcrumb":{"@id":"https:\/\/urdulizkokatuenlagunak.es\/index.php\/donativos\/#breadcrumb"},"inLanguage":"es","potentialAction":[{"@type":"ReadAction","target":["https:\/\/urdulizkokatuenlagunak.es\/index.php\/donativos\/"]}]},{"@type":"BreadcrumbList","@id":"https:\/\/urdulizkokatuenlagunak.es\/index.php\/donativos\/#breadcrumb","itemListElement":[{"@type":"ListItem","position":1,"name":"Portada","item":"https:\/\/urdulizkokatuenlagunak.es\/"},{"@type":"ListItem","position":2,"name":"Donativos"}]},{"@type":"WebSite","@id":"https:\/\/urdulizkokatuenlagunak.es\/#website","url":"https:\/\/urdulizkokatuenlagunak.es\/","name":"Urdulizko Katuen Lagunak","description":"Ayuda a los gatos de Urduliz","publisher":{"@id":"https:\/\/urdulizkokatuenlagunak.es\/#organization"},"potentialAction":[{"@type":"SearchAction","target":{"@type":"EntryPoint","urlTemplate":"https:\/\/urdulizkokatuenlagunak.es\/?s={search_term_string}"},"query-input":"required name=search_term_string"}],"inLanguage":"es"},{"@type":"Organization","@id":"https:\/\/urdulizkokatuenlagunak.es\/#organization","name":"Urdulizko Katuen Lagunak","url":"https:\/\/urdulizkokatuenlagunak.es\/","logo":{"@type":"ImageObject","inLanguage":"es","@id":"https:\/\/urdulizkokatuenlagunak.es\/#\/schema\/logo\/image\/","url":"https:\/\/urdulizkokatuenlagunak.es\/wp-content\/uploads\/2023\/08\/cropped-cropped-LOGO_695.png","contentUrl":"https:\/\/urdulizkokatuenlagunak.es\/wp-content\/uploads\/2023\/08\/cropped-cropped-LOGO_695.png","width":512,"height":512,"caption":"Urdulizko Katuen Lagunak"},"image":{"@id":"https:\/\/urdulizkokatuenlagunak.es\/#\/schema\/logo\/image\/"},"sameAs":["https:\/\/www.facebook.com\/AsociacionUrdulizkoKatuenLagunak\/"]}]}},"_links":{"self":[{"href":"https:\/\/urdulizkokatuenlagunak.es\/index.php\/wp-json\/wp\/v2\/pages\/13"}],"collection":[{"href":"https:\/\/urdulizkokatuenlagunak.es\/index.php\/wp-json\/wp\/v2\/pages"}],"about":[{"href":"https:\/\/urdulizkokatuenlagunak.es\/index.php\/wp-json\/wp\/v2\/types\/page"}],"author":[{"embeddable":true,"href":"https:\/\/urdulizkokatuenlagunak.es\/index.php\/wp-json\/wp\/v2\/users\/1"}],"replies":[{"embeddable":true,"href":"https:\/\/urdulizkokatuenlagunak.es\/index.php\/wp-json\/wp\/v2\/comments?post=13"}],"version-history":[{"count":31,"href":"https:\/\/urdulizkokatuenlagunak.es\/index.php\/wp-json\/wp\/v2\/pages\/13\/revisions"}],"predecessor-version":[{"id":166,"href":"https:\/\/urdulizkokatuenlagunak.es\/index.php\/wp-json\/wp\/v2\/pages\/13\/revisions\/166"}],"wp:featuredmedia":[{"embeddable":true,"href":"https:\/\/urdulizkokatuenlagunak.es\/index.php\/wp-json\/wp\/v2\/media\/48"}],"wp:attachment":[{"href":"https:\/\/urdulizkokatuenlagunak.es\/index.php\/wp-json\/wp\/v2\/media?parent=13"}],"curies":[{"name":"wp","href":"https:\/\/api.w.org\/{rel}","templated":true}]}}